{"id":585,"date":"2017-11-02T11:46:32","date_gmt":"2017-11-02T10:46:32","guid":{"rendered":"http:\/\/wp3.jerzyficowski.pl\/?page_id=585"},"modified":"2019-10-29T14:20:49","modified_gmt":"2019-10-29T13:20:49","slug":"przeklady","status":"publish","type":"page","link":"https:\/\/jerzyficowski.pl\/en\/zycie-jerzy-ficowski\/przeklady\/","title":{"rendered":"Translations"},"content":{"rendered":"<div class=\"txt_small_podpis\">\n<div id=\"attachment_233\" style=\"width: 430px\" class=\"wp-caption alignnone\"><img loading=\"lazy\" decoding=\"async\" aria-describedby=\"caption-attachment-233\" class=\"wp-image-233\" src=\"http:\/\/wp3.jerzyficowski.pl\/wp-content\/uploads\/2017\/10\/9-905x1024.jpg\" alt=\"Photo Marek Holzman\" width=\"420\" height=\"475\" srcset=\"https:\/\/jerzyficowski.pl\/wp-content\/uploads\/2017\/10\/9-905x1024.jpg 905w, https:\/\/jerzyficowski.pl\/wp-content\/uploads\/2017\/10\/9-265x300.jpg 265w, https:\/\/jerzyficowski.pl\/wp-content\/uploads\/2017\/10\/9-768x869.jpg 768w, https:\/\/jerzyficowski.pl\/wp-content\/uploads\/2017\/10\/9.jpg 1000w\" sizes=\"auto, (max-width: 420px) 100vw, 420px\" \/><p id=\"caption-attachment-233\" class=\"wp-caption-text\">Photo Marek Holzman<\/p><\/div>\n<\/div>\n<div class=\"txt_materialy\">\n<p>Ficowski\u2019s interests as a translator are hardly distinguishable from those he pursued as a writer. His translation of Itzak Katzenelson\u2019s multi-poem <strong>Song of the Murdered Jewish People <\/strong>is an example of the homage he paid as a poet to those murdered in the Holocaust.<\/p>\n<p>Other Jewish poets translated by Ficowski include Jakub Zonszajn, several other authors published in the <strong>Anthology of Jewish Poetry <\/strong>(edited by Salomon Lastik and Arnold S\u0142ucki) and a handful of anonymous folk writers. Ficowski collected their works in an anthology entitled <strong><em>Rodzynki z Migda\u0142ami<\/em><\/strong> (<strong>Raisins and Almonds<\/strong>), mostly based on literal translations by R\u00f3\u017ca Siemiarczuk.<\/p>\n<p>In addition to translations of Papusza\u2019s poetry, Ficowski gained particular recognition with his translations of other folk poems: Romanian ballads and folks songs (<em>doinas<\/em>), which appeared in a collection entitled <strong><em>Mistrz Manole<\/em><\/strong> (<strong>Master Manole<\/strong>), based on the literal translations of Dusza Czary-Stec. With the translation of E.T.A. Hoffmann\u2019s <strong>Nutcracker<\/strong>, the writer returned to his favourite childhood reading. Shortly after World War II he devoted his time to translating classical poets such as Federico Garc\u00eda Lorca, whose selection of poems he would later expand and refine, and later Boles\u0142aw Le\u015bmian.<\/p>\n<\/div>\n","protected":false},"excerpt":{"rendered":"<p>Ficowski\u2019s interests as a translator are hardly distinguishable from those he pursued as a writer. His translation of Itzak Katzenelson\u2019s multi-poem Song of the Murdered Jewish People is an example of the homage he paid as a poet to those murdered in the Holocaust. Other Jewish poets translated by Ficowski include Jakub Zonszajn, several other [&hellip;]<\/p>\n","protected":false},"author":1,"featured_media":0,"parent":358,"menu_order":0,"comment_status":"closed","ping_status":"closed","template":"page-zycie-temp.php","meta":{"_acf_changed":false,"footnotes":""},"class_list":["post-585","page","type-page","status-publish","hentry"],"acf":[],"aioseo_notices":[],"_links":{"self":[{"href":"https:\/\/jerzyficowski.pl\/en\/wp-json\/wp\/v2\/pages\/585","targetHints":{"allow":["GET"]}}],"collection":[{"href":"https:\/\/jerzyficowski.pl\/en\/wp-json\/wp\/v2\/pages"}],"about":[{"href":"https:\/\/jerzyficowski.pl\/en\/wp-json\/wp\/v2\/types\/page"}],"author":[{"embeddable":true,"href":"https:\/\/jerzyficowski.pl\/en\/wp-json\/wp\/v2\/users\/1"}],"replies":[{"embeddable":true,"href":"https:\/\/jerzyficowski.pl\/en\/wp-json\/wp\/v2\/comments?post=585"}],"version-history":[{"count":2,"href":"https:\/\/jerzyficowski.pl\/en\/wp-json\/wp\/v2\/pages\/585\/revisions"}],"predecessor-version":[{"id":1055,"href":"https:\/\/jerzyficowski.pl\/en\/wp-json\/wp\/v2\/pages\/585\/revisions\/1055"}],"up":[{"embeddable":true,"href":"https:\/\/jerzyficowski.pl\/en\/wp-json\/wp\/v2\/pages\/358"}],"wp:attachment":[{"href":"https:\/\/jerzyficowski.pl\/en\/wp-json\/wp\/v2\/media?parent=585"}],"curies":[{"name":"wp","href":"https:\/\/api.w.org\/{rel}","templated":true}]}}