{"id":565,"date":"2017-10-16T09:42:54","date_gmt":"2017-10-16T07:42:54","guid":{"rendered":"http:\/\/wp3.jerzyficowski.pl\/tworczosc\/proza-spis\/"},"modified":"2024-12-14T00:23:57","modified_gmt":"2024-12-13T23:23:57","slug":"proza-spis","status":"publish","type":"page","link":"https:\/\/jerzyficowski.pl\/en\/tworczosc\/proza\/proza-spis\/","title":{"rendered":"Proza &#8211; pe\u0142ny spis publikacji"},"content":{"rendered":"<p>Spis sporz\u0105dzono wed\u0142ug:<strong>&nbsp;Jerzy Ficowski. Bibliografia za lata 1947-2009<\/strong>&nbsp;(opracowa\u0142 Jerzy Kandziora, Pogranicze Sejny 2009) i uzupe\u0142niono o wydania p\u00f3\u017aniejsze.<\/p>\n","protected":false},"excerpt":{"rendered":"<p>Spis sporz\u0105dzono wed\u0142ug:&nbsp;Jerzy Ficowski. Bibliografia za lata 1947-2009&nbsp;(opracowa\u0142 Jerzy Kandziora, Pogranicze Sejny 2009) i uzupe\u0142niono o wydania p\u00f3\u017aniejsze.<\/p>\n","protected":false},"author":1,"featured_media":0,"parent":1249,"menu_order":0,"comment_status":"closed","ping_status":"closed","template":"","meta":{"_acf_changed":false,"footnotes":""},"class_list":["post-565","page","type-page","status-publish","hentry"],"acf":[],"aioseo_notices":[],"_links":{"self":[{"href":"https:\/\/jerzyficowski.pl\/en\/wp-json\/wp\/v2\/pages\/565","targetHints":{"allow":["GET"]}}],"collection":[{"href":"https:\/\/jerzyficowski.pl\/en\/wp-json\/wp\/v2\/pages"}],"about":[{"href":"https:\/\/jerzyficowski.pl\/en\/wp-json\/wp\/v2\/types\/page"}],"author":[{"embeddable":true,"href":"https:\/\/jerzyficowski.pl\/en\/wp-json\/wp\/v2\/users\/1"}],"replies":[{"embeddable":true,"href":"https:\/\/jerzyficowski.pl\/en\/wp-json\/wp\/v2\/comments?post=565"}],"version-history":[{"count":11,"href":"https:\/\/jerzyficowski.pl\/en\/wp-json\/wp\/v2\/pages\/565\/revisions"}],"predecessor-version":[{"id":1739,"href":"https:\/\/jerzyficowski.pl\/en\/wp-json\/wp\/v2\/pages\/565\/revisions\/1739"}],"up":[{"embeddable":true,"href":"https:\/\/jerzyficowski.pl\/en\/wp-json\/wp\/v2\/pages\/1249"}],"wp:attachment":[{"href":"https:\/\/jerzyficowski.pl\/en\/wp-json\/wp\/v2\/media?parent=565"}],"curies":[{"name":"wp","href":"https:\/\/api.w.org\/{rel}","templated":true}]}}