{"id":562,"date":"2017-10-16T09:45:33","date_gmt":"2017-10-16T07:45:33","guid":{"rendered":"http:\/\/wp3.jerzyficowski.pl\/tworczosc\/cyganie-spis\/"},"modified":"2024-12-14T00:25:41","modified_gmt":"2024-12-13T23:25:41","slug":"cyganie-spis","status":"publish","type":"page","link":"https:\/\/jerzyficowski.pl\/en\/tworczosc\/cyganie\/cyganie-spis\/","title":{"rendered":"Cyganie spis"},"content":{"rendered":"<p>Spis sporz\u0105dzono wed\u0142ug:\u00a0<strong>Jerzy Ficowski. Bibliografia za lata 1947-2009<\/strong>\u00a0(opracowa\u0142 Jerzy Kandziora, Pogranicze Sejny 2009) i uzupe\u0142niono o wydania p\u00f3\u017aniejsze.<\/p>\n","protected":false},"excerpt":{"rendered":"<p>Spis sporz\u0105dzono wed\u0142ug:\u00a0Jerzy Ficowski. Bibliografia za lata 1947-2009\u00a0(opracowa\u0142 Jerzy Kandziora, Pogranicze Sejny 2009) i uzupe\u0142niono o wydania p\u00f3\u017aniejsze.<\/p>\n","protected":false},"author":1,"featured_media":0,"parent":557,"menu_order":0,"comment_status":"closed","ping_status":"closed","template":"","meta":{"_acf_changed":false,"footnotes":""},"class_list":["post-562","page","type-page","status-publish","hentry"],"acf":[],"aioseo_notices":[],"_links":{"self":[{"href":"https:\/\/jerzyficowski.pl\/en\/wp-json\/wp\/v2\/pages\/562","targetHints":{"allow":["GET"]}}],"collection":[{"href":"https:\/\/jerzyficowski.pl\/en\/wp-json\/wp\/v2\/pages"}],"about":[{"href":"https:\/\/jerzyficowski.pl\/en\/wp-json\/wp\/v2\/types\/page"}],"author":[{"embeddable":true,"href":"https:\/\/jerzyficowski.pl\/en\/wp-json\/wp\/v2\/users\/1"}],"replies":[{"embeddable":true,"href":"https:\/\/jerzyficowski.pl\/en\/wp-json\/wp\/v2\/comments?post=562"}],"version-history":[{"count":6,"href":"https:\/\/jerzyficowski.pl\/en\/wp-json\/wp\/v2\/pages\/562\/revisions"}],"predecessor-version":[{"id":1742,"href":"https:\/\/jerzyficowski.pl\/en\/wp-json\/wp\/v2\/pages\/562\/revisions\/1742"}],"up":[{"embeddable":true,"href":"https:\/\/jerzyficowski.pl\/en\/wp-json\/wp\/v2\/pages\/557"}],"wp:attachment":[{"href":"https:\/\/jerzyficowski.pl\/en\/wp-json\/wp\/v2\/media?parent=562"}],"curies":[{"name":"wp","href":"https:\/\/api.w.org\/{rel}","templated":true}]}}