{"id":561,"date":"2017-10-16T09:45:47","date_gmt":"2017-10-16T07:45:47","guid":{"rendered":"http:\/\/wp3.jerzyficowski.pl\/tworczosc\/przeklady-spis\/"},"modified":"2024-12-14T00:27:13","modified_gmt":"2024-12-13T23:27:13","slug":"przeklady-spis","status":"publish","type":"page","link":"https:\/\/jerzyficowski.pl\/en\/tworczosc\/przeklady\/przeklady-spis\/","title":{"rendered":"Przek\u0142ady spis"},"content":{"rendered":"<p>Spis sporz\u0105dzono wed\u0142ug:&nbsp;<strong>Jerzy Ficowski. Bibliografia za lata 1947-2009<\/strong>&nbsp;(opracowa\u0142 Jerzy Kandziora, Pogranicze Sejny 2009) i uzupe\u0142niono o wydania p\u00f3\u017aniejsze.<\/p>\n","protected":false},"excerpt":{"rendered":"<p>Spis sporz\u0105dzono wed\u0142ug:&nbsp;Jerzy Ficowski. Bibliografia za lata 1947-2009&nbsp;(opracowa\u0142 Jerzy Kandziora, Pogranicze Sejny 2009) i uzupe\u0142niono o wydania p\u00f3\u017aniejsze.<\/p>\n","protected":false},"author":1,"featured_media":0,"parent":556,"menu_order":0,"comment_status":"closed","ping_status":"closed","template":"","meta":{"_acf_changed":false,"footnotes":""},"class_list":["post-561","page","type-page","status-publish","hentry"],"acf":[],"aioseo_notices":[],"_links":{"self":[{"href":"https:\/\/jerzyficowski.pl\/en\/wp-json\/wp\/v2\/pages\/561","targetHints":{"allow":["GET"]}}],"collection":[{"href":"https:\/\/jerzyficowski.pl\/en\/wp-json\/wp\/v2\/pages"}],"about":[{"href":"https:\/\/jerzyficowski.pl\/en\/wp-json\/wp\/v2\/types\/page"}],"author":[{"embeddable":true,"href":"https:\/\/jerzyficowski.pl\/en\/wp-json\/wp\/v2\/users\/1"}],"replies":[{"embeddable":true,"href":"https:\/\/jerzyficowski.pl\/en\/wp-json\/wp\/v2\/comments?post=561"}],"version-history":[{"count":17,"href":"https:\/\/jerzyficowski.pl\/en\/wp-json\/wp\/v2\/pages\/561\/revisions"}],"predecessor-version":[{"id":1746,"href":"https:\/\/jerzyficowski.pl\/en\/wp-json\/wp\/v2\/pages\/561\/revisions\/1746"}],"up":[{"embeddable":true,"href":"https:\/\/jerzyficowski.pl\/en\/wp-json\/wp\/v2\/pages\/556"}],"wp:attachment":[{"href":"https:\/\/jerzyficowski.pl\/en\/wp-json\/wp\/v2\/media?parent=561"}],"curies":[{"name":"wp","href":"https:\/\/api.w.org\/{rel}","templated":true}]}}